{"id":27,"date":"2021-10-27T05:42:20","date_gmt":"2021-10-27T05:42:20","guid":{"rendered":"https:\/\/shermola.net\/?page_id=27"},"modified":"2021-12-10T20:56:42","modified_gmt":"2021-12-10T20:56:42","slug":"%d9%86%d8%a8%d8%b0%d8%a9","status":"publish","type":"page","link":"https:\/\/shermola.net\/ku\/?page_id=27","title":{"rendered":"Derbar\u00ea Kovar\u00ea"},"content":{"rendered":"<p>&nbsp;<\/p>\n<p>-Kovareke W\u00eajey\u00ee, \u00c7and\u00ee, Werzane \u00fb Serbixwe ye, bi ziman\u00ean Kurd\u00ee \u00fb Ereb\u00ee li Bakur<br \/>\n\u00fb Rojhilat\u00ea S\u00fbriy\u00ea t\u00ea we\u015fandin.<br \/>\n-Di 24 \u00cal\u00fbna 2018\u203aan hat\u00eeye damezrandin \u00fb Hejmara yekem\u00een di roja 7\u203a\u00ea Sibata 2019\u203aan de derket.<br \/>\n-Kovar\u00ea r\u00eadana xwe Ji Enc\u00fbmena Bilind a Ragihandin\u00ea ya R\u00eaveberiya Xweser\u00eeya Demoqrat\u00eek a Her\u00eama Ciz\u00eer\u00ea, li gor belgeya NO 3 a ku di d\u00eeroka 29.1.2019\u203aan Hatiye Day\u00een, girt\u00eeye.<\/p>\n<p>\u0640\u0640\u0640\u0640\u0640\u0640\u0640\u0640\u0640\u0640\u0640\u0640\u0640\u0640\u0640\u0640\u0640\u0640\u0640\u0640\u0640\u0640\u0640\u0640\u0640\u0640\u0640\u0640\u0640\u0640\u0640\u0640\u0640\u0640\u0640\u0640\u0640\u0640\u0640\u0640\u0640\u0640\u0640\u0640\u0640\u0640\u0640\u0640\u0640\u0640\u0640\u0640\u0640\u0640\u0640\u0640\u0640\u0640\u0640\u0640\u0640\u0640\u0640\u0640\u0640\u0640\u0640\u0640\u0640\u0640\u0640\u0640\u0640\u0640\u0640\u0640\u0640\u0640\u0640\u0640\u0640\u0640\u0640\u0640\u0640\u0640\u0640\u0640\u0640\u0640\u0640\u0640\u0640\u0640\u0640\u0640\u0640\u0640\u0640\u0640\u0640\u0640\u0640\u0640\u0640\u0640\u0640\u0640\u0640\u0640\u0640\u0640\u0640\u0640\u0640\u0640\u0640\u0640\u0640\u0640\u0640\u0640\u0640\u0640\u0640\u0640\u0640\u0640\u0640\u0640\u0640\u0640\u0640\u0640\u0640\u0640\u0640\u0640\u0640\u0640<\/p>\n<p>R\u00eaveber \u00fb Serniv\u00eeskar\u00ea gi\u015ft\u00ee:<br \/>\nDil\u015fad Murad<\/p>\n<p>Serniv\u00eeskar\u00ea be\u015fa Kurd\u00ee:<br \/>\nAram Hesen<\/p>\n<p>Desteya serniv\u00eeskar\u00eey\u00ea:<br \/>\nAram Hesen<br \/>\nAbdullah \u015eikak\u00ee<br \/>\nEhmed Aly\u00fbsiv<\/p>\n<p>&nbsp;<\/p>\n<p>\u0640\u0640\u0640\u0640\u0640\u0640\u0640\u0640\u0640\u0640\u0640\u0640\u0640\u0640\u0640\u0640\u0640\u0640\u0640\u0640\u0640\u0640\u0640\u0640\u0640\u0640\u0640\u0640\u0640\u0640\u0640\u0640\u0640\u0640\u0640\u0640\u0640\u0640\u0640\u0640\u0640\u0640\u0640\u0640\u0640\u0640\u0640\u0640\u0640\u0640\u0640\u0640\u0640\u0640\u0640\u0640\u0640\u0640\u0640\u0640\u0640\u0640\u0640\u0640\u0640\u0640\u0640\u0640\u0640\u0640\u0640\u0640\u0640\u0640\u0640\u0640\u0640\u0640\u0640\u0640\u0640\u0640\u0640\u0640\u0640\u0640\u0640\u0640\u0640\u0640\u0640\u0640\u0640\u0640\u0640\u0640\u0640\u0640\u0640\u0640\u0640\u0640\u0640\u0640\u0640\u0640\u0640\u0640\u0640\u0640\u0640\u0640\u0640\u0640\u0640\u0640\u0640\u0640\u0640\u0640\u0640\u0640\u0640\u0640\u0640\u0640\u0640\u0640\u0640\u0640\u0640\u0640\u0640\u0640\u0640\u0640\u0640\u0640\u0640<\/p>\n<p>-Malpera kovar\u00ea:<br \/>\nwww.shermola.net<br \/>\n-E-MAIL:<br \/>\nshermola2018@gmail.com<br \/>\n-Telefon \u00fb whatsapp:<br \/>\n0994712053<\/p>\n<p>\u0640\u0640\u0640\u0640\u0640\u0640\u0640\u0640\u0640\u0640\u0640\u0640\u0640\u0640\u0640\u0640\u0640\u0640\u0640\u0640\u0640\u0640\u0640\u0640\u0640\u0640\u0640\u0640\u0640\u0640\u0640\u0640\u0640\u0640\u0640\u0640\u0640\u0640\u0640\u0640\u0640\u0640\u0640\u0640\u0640\u0640\u0640\u0640\u0640\u0640\u0640\u0640\u0640\u0640\u0640\u0640\u0640\u0640\u0640\u0640\u0640\u0640\u0640\u0640\u0640\u0640\u0640\u0640\u0640\u0640\u0640\u0640\u0640\u0640\u0640\u0640\u0640\u0640\u0640\u0640\u0640\u0640\u0640\u0640\u0640\u0640\u0640\u0640\u0640\u0640\u0640\u0640\u0640\u0640\u0640\u0640\u0640\u0640\u0640\u0640\u0640\u0640\u0640\u0640\u0640\u0640\u0640\u0640\u0640\u0640\u0640\u0640\u0640\u0640\u0640\u0640\u0640\u0640\u0640\u0640\u0640\u0640\u0640\u0640\u0640\u0640\u0640\u0640\u0640\u0640\u0640\u0640\u0640\u0640\u0640\u0640\u0640\u0640\u0640<\/p>\n<p>-Kovar li \u00c7apxaneya \u015eeh\u00eed Herekol \u2013 D\u00earik t\u00ea \u00e7apkirin.<br \/>\n-Belavkirin \u00fb Firotin li Bakur \u00fb Rojhilat\u00ea S\u00fbriy\u00ea be\u015fgeha Al\u015femal \u2013 Qami\u015flo 0998234958.<br \/>\n-Pirt\u00fbkxaneya Amara ya navend\u00ee (Qami\u015flo, Bazara navend\u00ee) 0937812709.<br \/>\n&#8211; Nirx\u00ea kovar\u00ea (1500 L.S).<\/p>\n<p>\u0640\u0640\u0640\u0640\u0640\u0640\u0640\u0640\u0640\u0640\u0640\u0640\u0640\u0640\u0640\u0640\u0640\u0640\u0640\u0640\u0640\u0640\u0640\u0640\u0640\u0640\u0640\u0640\u0640\u0640\u0640\u0640\u0640\u0640\u0640\u0640\u0640\u0640\u0640\u0640\u0640\u0640\u0640\u0640\u0640\u0640\u0640\u0640\u0640\u0640\u0640\u0640\u0640\u0640\u0640\u0640\u0640\u0640\u0640\u0640\u0640\u0640\u0640\u0640\u0640\u0640\u0640\u0640\u0640\u0640\u0640\u0640\u0640\u0640\u0640\u0640\u0640\u0640\u0640\u0640\u0640\u0640\u0640\u0640\u0640\u0640\u0640\u0640\u0640\u0640\u0640\u0640\u0640\u0640\u0640\u0640\u0640\u0640\u0640\u0640\u0640\u0640\u0640\u0640\u0640\u0640\u0640\u0640\u0640\u0640\u0640\u0640\u0640\u0640\u0640\u0640\u0640\u0640\u0640\u0640\u0640\u0640\u0640\u0640\u0640\u0640\u0640\u0640\u0640\u0640\u0640\u0640\u0640\u0640\u0640\u0640\u0640\u0640\u0640<\/p>\n<p>&nbsp;<\/p>\n<p><strong>\u015eermola&#8230; D\u00eedargeheke \u00e7and\u00ee, w\u00eajey\u00ee resen e<\/strong><\/p>\n<p>&nbsp;<\/p>\n<p>Divya b\u00fb em weke rew\u015fenb\u00eer\u00ean Bakur \u00fb Rojhilat\u00ea S\u00fbry\u00ea asta keda \u00e7and\u00ee bilind bikin di rew\u015f\u00ean her\u00ee dijwar \u00fb di \u015ferek\u00ee b\u00ea hempa de, ku destwerdan\u00ean navdewlet\u00ee , her\u00eam\u00ee \u00fb xwecih\u00ee tevl\u00ee hev b\u00fbne, \u015fore\u015fa Bakur \u00fb Rojhilat\u00ea S\u00fbry\u00ea ji hinav\u00ea v\u00ea rew\u015f\u00ea pengiz\u00ee. Gel\u00ean w\u00ea qurbaniy\u00ean her\u00ee mezin p\u00ea\u015fk\u00ea\u015f kirin ji bo bidestxistina jiyaneke demokrat \u00fb azad , ku nirx\u00ean civakb\u00fby\u00een\u00ea y\u00ean bi hezar\u00ean salan reh\u00ean xwe berdane b\u00eergeha v\u00ea xak\u00ea bipar\u00eaze, di encama v\u00ea keda t\u00ea day\u00een de me ev kovar we\u015fand ku em t\u00ea de hewil didin di riya p\u00ean\u00fbs\u00ean \u015fareza de radeya p\u00eakan\u00eena \u00e7and\u00ee p\u00ea\u015f ve bibin ta ku bibe h\u00eajay\u00ee asta b\u00fbyer\u00ean ku diqewimin, her wiha ji bo bibe bingeh \u00fb h\u00eazeke bandorker, ku asta civak\u00ea ji mil\u00ea ramyar\u00ee \u00fb \u00e7and\u00ee ve p\u00ea\u015f bixe ji bo xwe bigih\u00eene ay\u00eendeyeke ba\u015ftir \u00fb \u00e7\u00eatir.<br \/>\nDesteya serniv\u00eeskariy\u00ea nav\u00ea \u015eermola hilbijart ji ber sedem\u00ean d\u00eerok\u00ee ku reseniyek\u00ea l\u00ea bar bike. \u015eermola bi xwe nav\u00ea girek\u00ee d\u00eerok\u00ee ye li Am\u00fbda Bakur\u00ea S\u00fbry\u00ea ye, di gel ku gir\u00ean her\u00eam\u00ea bi gi\u015ft\u00ee di serdema Hor\u00ee-m\u00eetan\u00ee de weke n\u00ee\u015fana komb\u00fbn\u00ea di rew\u015f\u00ean awarte de \u00fb li hember\u00ee \u00ear\u00ee\u015fan dihatin bikar an\u00een, l\u00ea pi\u015ft re ew gir weke rawestgeh \u00fb d\u00eedargeha karwan\u00ean guh\u00eazer di navbera m\u00eerni\u015f\u00een\u00ean hundir\u00een \u00ean S\u00fbry\u00ea \u00fb bakur\u00ea w\u00ea \u00fb Kurdistan\u00ea bi gelemper\u00ee bi kar dihat.<br \/>\nLewre ev nav rehendeke d\u00eerok\u00ee digre ku reseniyeke ramyar\u00ee \u00fb w\u00eajey\u00ee pey\u00eet dike , ta karibe bibe d\u00eedargeheke \u00e7and\u00ee ji bo rew\u015fenb\u00eer\u00ean gel\u00ean her\u00eam\u00ea bi gi\u015ft\u00ee. Deriy\u00ea kovar\u00ea vekiriye ji bo hem\u00ee \u015fiyan\u00ean w\u00eajey\u00ee \u00fb afr\u00eener\u00ee, ku hevdengiyek\u00ea li gel armanc\u00ean kovar\u00ea di \u015fiyarkirn\u00ea de dike, her wiha veguhastineke b\u00ea hempa di rojeva \u00e7and\u00ee de li Rojava \u00fb li Bakur\u00ea S\u00fbry\u00ea bi gi\u015ft\u00ee diafir\u00eene, li k\u00ealeka saz\u00ee \u00fb yek\u00eetiy\u00ean rew\u015fenb\u00eer\u00ee, rojname \u00fb kovar\u00ean w\u00eajey\u00ee li her\u00eam\u00ea.<\/p>\n<p>&nbsp;<\/p>\n<p>&nbsp;<\/p>\n<p>&nbsp;<\/p>\n","protected":false},"excerpt":{"rendered":"<p>With the Speaker of the House of Commons John Bercow amongst various senior MPs to have &#8230;<\/p>\n","protected":false},"author":1,"featured_media":0,"parent":0,"menu_order":0,"comment_status":"closed","ping_status":"closed","template":"","meta":{"footnotes":""},"class_list":["post-27","page","type-page","status-publish","hentry"],"_links":{"self":[{"href":"https:\/\/shermola.net\/ku\/index.php?rest_route=\/wp\/v2\/pages\/27","targetHints":{"allow":["GET"]}}],"collection":[{"href":"https:\/\/shermola.net\/ku\/index.php?rest_route=\/wp\/v2\/pages"}],"about":[{"href":"https:\/\/shermola.net\/ku\/index.php?rest_route=\/wp\/v2\/types\/page"}],"author":[{"embeddable":true,"href":"https:\/\/shermola.net\/ku\/index.php?rest_route=\/wp\/v2\/users\/1"}],"replies":[{"embeddable":true,"href":"https:\/\/shermola.net\/ku\/index.php?rest_route=%2Fwp%2Fv2%2Fcomments&post=27"}],"version-history":[{"count":6,"href":"https:\/\/shermola.net\/ku\/index.php?rest_route=\/wp\/v2\/pages\/27\/revisions"}],"predecessor-version":[{"id":964,"href":"https:\/\/shermola.net\/ku\/index.php?rest_route=\/wp\/v2\/pages\/27\/revisions\/964"}],"wp:attachment":[{"href":"https:\/\/shermola.net\/ku\/index.php?rest_route=%2Fwp%2Fv2%2Fmedia&parent=27"}],"curies":[{"name":"wp","href":"https:\/\/api.w.org\/{rel}","templated":true}]}}